{"id":2,"date":"2016-12-19T16:56:58","date_gmt":"2016-12-19T18:56:58","guid":{"rendered":"http:\/\/breveseschmidt.com.br\/v1\/?page_id=2"},"modified":"2019-10-07T10:44:26","modified_gmt":"2019-10-07T13:44:26","slug":"sobre-nos","status":"publish","type":"page","link":"https:\/\/breveseschmidt.com.br\/v1\/sobre-nos\/","title":{"rendered":"Sobre N\u00f3s"},"content":{"rendered":"<p>Breves Schmidt \u00e9 uma dupla formada em 2011, por Claudia Breves e Cecilia Schmidt, duas artistas contempor\u00e2neas que aparecem nos intervalos das carreiras solo das integrantes.<br>Breves Schmidt utilizam a fotografia, aquarelas e formas geom\u00e9tricas com recursos digitalizados que permitem desconstru\u00e7\u00e3o e serializa\u00e7\u00e3o, alcan\u00e7ando um processo de transforma\u00e7\u00e3o e reconfigura\u00e7\u00e3o; criando Arte.<\/p>\n<p>Arte a partir de fotografias diversas, aquarelas e formas geom\u00e9tricas, trabalhamos com recursos digitais, obtendo v\u00e1rios formatos de imagens. As imagens podem ser reproduzidas nas gr\u00e1ficas, em materiais diversos assim como:<br>papel, tecido, vidro, madeira, sint\u00e9ticos, lou\u00e7as, pap\u00e9is de parede, adesivos, im\u00e3s,<br>sempre respeitando a alta qualidade de resolu\u00e7\u00e3o.<\/p>\n<p><!--more--><\/p>\n<p><strong>Cecilia Schmidt<\/strong><\/p>\n<blockquote>\n<p>Desde que me entendo, <strong>Desenho<\/strong>.<\/p>\n<p>Desenho de <strong>Propaganda <\/strong>e faculdade de <strong>Arquitetura,<\/strong> trabalhando com entusiasmo pela Arquitetura Popular e Urbanismo. <strong>Decora\u00e7\u00e3o<\/strong> de interiores e <strong>Reformas<\/strong> de im\u00f3veis. <strong>Design<\/strong> de joias e m\u00f3veis.<\/p>\n<p>Ateli\u00ea onde aprimorei minha criatividade experimentando diversas t\u00e9cnicas at\u00e9 chegar a <strong>Aquarela, <\/strong>onde surgiu uma paix\u00e3o e fiz centenas delas!<\/p>\n<p>Agora, nova paix\u00e3o, <strong>recursos digitais<\/strong>, onde produzo imagens que me fascinam.<\/p>\n<p>Espero que apreciem.<\/p>\n<p>&nbsp;<\/p>\n<\/blockquote>\n<p><strong>Claudia Breves<\/strong><\/p>\n<blockquote>\n<p>Sou <strong>Arquiteta<\/strong> com p\u00f3s-gradua\u00e7\u00e3o em <strong>Restauro e Reciclagem de Edifica\u00e7\u00f5es<\/strong>.<\/p>\n<p>Gosto de criar!! Minhas prefer\u00eancias s\u00e3o pintar <strong>Aquarelas<\/strong> em papel e <strong>Colagens<\/strong>, bem como <strong>Fotografar<\/strong> o cotidiano, a natureza e belas paisagens, incluindo o uso de <strong>recursos digitais<\/strong>.<\/p>\n<p>Ent\u00e3o juntei t\u00e9cnicas e materiais, aquarelas e fotos e assim fui dando margem a minha viagem ao mundo da criatividade.<\/p>\n<\/blockquote>\n<p>&nbsp;<\/p>\n<p>Breves Schmidt s\u00e3o amigas de longa data, que estudaram Arte juntas e decidiram se unir neste novo projeto profissional.<br>A proposta da dupla \u00e9 especular com as possibilidades pl\u00e1sticas proporcionadas pelos recursos digitais atuais.<\/p>\n<p>A dupla participou<br>da mostra Morar Mais por Menos de 2014;<br>da coletiva Feira de Arte Contempor\u00e2nea no Espa\u00e7o Ernani Arte e Cultura em 2014 <br>e da exposi\u00e7\u00e3o Transfigura\u00e7\u00e3o da Mat\u00e9ria na Galeria de Arte IBEU em 2019.<\/p>\n<p>Possuem trabalhos na Galeria Virtual<br><a href=\"https:\/\/www.urbanarts.com.br\/\">www.urbanarts.com.br<\/a><\/p>\n\n\n<p><\/p>\n","protected":false},"excerpt":{"rendered":"<p>Breves Schmidt \u00e9 uma dupla formada em 2011, por Claudia Breves e Cecilia Schmidt, duas artistas contempor\u00e2neas que aparecem nos intervalos das carreiras solo das integrantes.<br \/>\nBreves Schmidt utilizam a fotografia, aquarelas e formas geom\u00e9tricas com recursos digitalizados que permitem desconstru\u00e7\u00e3o e serializa\u00e7\u00e3o, alcan\u00e7ando um processo de transforma\u00e7\u00e3o e reconfigura\u00e7\u00e3o; criando Arte.<\/p>\n<p>Arte a partir de fotografias diversas, aquarelas e formas geom\u00e9tricas, trabalhamos com recursos digitais, obtendo v\u00e1rios formatos de imagens.<\/p>\n<p>As imagens podem ser reproduzidas nas gr\u00e1ficas, em materiais diversos assim como:<br \/>\npapel, tecido, vidro, madeira, sint\u00e9ticos, lou\u00e7as, pap\u00e9is de parede, adesivos, im\u00e3s,<br \/>\nsempre respeitando a alta qualidade de resolu\u00e7\u00e3o.<\/p>\n","protected":false},"author":3,"featured_media":2278,"parent":0,"menu_order":0,"comment_status":"closed","ping_status":"open","template":"","meta":{"ngg_post_thumbnail":0,"footnotes":""},"class_list":["post-2","page","type-page","status-publish","has-post-thumbnail","hentry"],"_links":{"self":[{"href":"https:\/\/breveseschmidt.com.br\/v1\/wp-json\/wp\/v2\/pages\/2","targetHints":{"allow":["GET"]}}],"collection":[{"href":"https:\/\/breveseschmidt.com.br\/v1\/wp-json\/wp\/v2\/pages"}],"about":[{"href":"https:\/\/breveseschmidt.com.br\/v1\/wp-json\/wp\/v2\/types\/page"}],"author":[{"embeddable":true,"href":"https:\/\/breveseschmidt.com.br\/v1\/wp-json\/wp\/v2\/users\/3"}],"replies":[{"embeddable":true,"href":"https:\/\/breveseschmidt.com.br\/v1\/wp-json\/wp\/v2\/comments?post=2"}],"version-history":[{"count":23,"href":"https:\/\/breveseschmidt.com.br\/v1\/wp-json\/wp\/v2\/pages\/2\/revisions"}],"predecessor-version":[{"id":1783,"href":"https:\/\/breveseschmidt.com.br\/v1\/wp-json\/wp\/v2\/pages\/2\/revisions\/1783"}],"wp:featuredmedia":[{"embeddable":true,"href":"https:\/\/breveseschmidt.com.br\/v1\/wp-json\/wp\/v2\/media\/2278"}],"wp:attachment":[{"href":"https:\/\/breveseschmidt.com.br\/v1\/wp-json\/wp\/v2\/media?parent=2"}],"curies":[{"name":"wp","href":"https:\/\/api.w.org\/{rel}","templated":true}]}}